{"id":1643,"date":"2015-09-11T14:59:15","date_gmt":"2015-09-11T13:59:15","guid":{"rendered":"http:\/\/www.learningbydoing.fr\/actualites-pedagogie-adultes-2\/"},"modified":"2025-12-18T15:52:39","modified_gmt":"2025-12-18T14:52:39","slug":"attualita-pedagogia-adulti","status":"publish","type":"page","link":"https:\/\/www.learningbydoing.fr\/it\/attualita-pedagogia-adulti\/","title":{"rendered":"Attualit\u00e0"},"content":{"rendered":"\n<style type=\"text\/css\" data-created_by=\"avia_inline_auto\" id=\"style-css-av-sgzez-f0e77a289ac26f117673f058c6b17c4e\">\n#top .av-special-heading.av-sgzez-f0e77a289ac26f117673f058c6b17c4e{\npadding-bottom:19px;\nfont-size:24px;\n}\nbody .av-special-heading.av-sgzez-f0e77a289ac26f117673f058c6b17c4e .av-special-heading-tag .heading-char{\nfont-size:25px;\n}\n#top #wrap_all .av-special-heading.av-sgzez-f0e77a289ac26f117673f058c6b17c4e .av-special-heading-tag{\nfont-size:24px;\n}\n.av-special-heading.av-sgzez-f0e77a289ac26f117673f058c6b17c4e .av-subheading{\nfont-size:16px;\n}\n\n@media only screen and (min-width: 480px) and (max-width: 767px){ \n#top #wrap_all .av-special-heading.av-sgzez-f0e77a289ac26f117673f058c6b17c4e .av-special-heading-tag{\nfont-size:0.8em;\n}\n}\n\n@media only screen and (max-width: 479px){ \n#top #wrap_all .av-special-heading.av-sgzez-f0e77a289ac26f117673f058c6b17c4e .av-special-heading-tag{\nfont-size:0.8em;\n}\n}\n<\/style>\n<div  class='av-special-heading av-sgzez-f0e77a289ac26f117673f058c6b17c4e av-special-heading-h3 blockquote modern-quote  avia-builder-el-0  el_before_av_section  avia-builder-el-no-sibling  av-inherit-size'><h3 class='av-special-heading-tag '  itemprop=\"headline\"  >Attualit\u00e0<\/h3><div class='av-subheading av-subheading_below'><p>Articoli e news riguardanti l&#8217;andragogia (pedagogia degli adulti) e i giochi di formazione<\/p>\n<\/div><div class=\"special-heading-border\"><div class=\"special-heading-inner-border\"><\/div><\/div><\/div>\n<\/div><\/div><\/div><!-- close content main div --><\/div><\/div><div id='av_section_1'  class='avia-section av-av_section-ead7872a6199d9872a6fed09789ee080 main_color avia-section-default avia-no-border-styling  avia-builder-el-1  el_after_av_heading  el_before_av_social_share  avia-bg-style-scroll container_wrap sidebar_right'  ><div class='container av-section-cont-open' ><div class='template-page content  av-content-small alpha units'><div class='post-entry post-entry-type-page post-entry-1643'><div class='entry-content-wrapper clearfix'>\n\n<style type=\"text\/css\" data-created_by=\"avia_inline_auto\" id=\"style-css-av-av_one_full-c375d5f1ef71007985133b90530eb578\">\n.flex_column.av-av_one_full-c375d5f1ef71007985133b90530eb578{\nwidth:100%;\n}\n<\/style>\n<div  class='flex_column av-av_one_full-c375d5f1ef71007985133b90530eb578 av_one_full  avia-builder-el-2  avia-builder-el-no-sibling  first av-break-at-tablet flex_column_div  '     ><\/div><\/div><\/div><\/div><!-- close content main div --><\/div><\/div><div id='after_section_1'  class='main_color av_default_container_wrap container_wrap sidebar_right'  ><div class='container av-section-cont-open' ><div class='template-page content  av-content-small alpha units'><div class='post-entry post-entry-type-page post-entry-1643'><div class='entry-content-wrapper clearfix'><div  class='av-social-sharing-box av-4jl3fv-443f556b8c9ed10e8eb813a80bdcaffa av-social-sharing-box-default  avia-builder-el-4  el_after_av_section  el_before_av_textblock  avia-builder-el-first  av-social-sharing-box-fullwidth'><div class=\"av-share-box\"><h5 class='av-share-link-description av-no-toc '>Condividi sul tuo network<\/h5><ul class=\"av-share-box-list noLightbox\"><li class='av-share-link av-social-link-facebook avia_social_iconfont' ><a target=\"_blank\" aria-label=\"Condividi su Facebook\" href='https:\/\/www.facebook.com\/sharer.php?u=https:\/\/www.learningbydoing.fr\/it\/attualita-pedagogia-adulti\/&#038;t=Attualit%C3%A0' data-av_icon='\ue8f3' data-av_iconfont='entypo-fontello'  title='' data-avia-related-tooltip='Condividi su Facebook'><span class='avia_hidden_link_text'>Condividi su Facebook<\/span><\/a><\/li><li class='av-share-link av-social-link-twitter avia_social_iconfont' ><a target=\"_blank\" aria-label=\"Condividi su X\" href='https:\/\/twitter.com\/share?text=Attualit%C3%A0&#038;url=https:\/\/www.learningbydoing.fr\/it\/?p=1643' data-av_icon='\ue932' data-av_iconfont='entypo-fontello'  title='' data-avia-related-tooltip='Condividi su X'><span class='avia_hidden_link_text'>Condividi su X<\/span><\/a><\/li><li class='av-share-link av-social-link-whatsapp avia_social_iconfont' ><a target=\"_blank\" aria-label=\"Condividi su WhatsApp\" href='https:\/\/api.whatsapp.com\/send?text=https:\/\/www.learningbydoing.fr\/it\/attualita-pedagogia-adulti\/' data-av_icon='\uf232' data-av_iconfont='entypo-fontello'  title='' data-avia-related-tooltip='Condividi su WhatsApp'><span class='avia_hidden_link_text'>Condividi su WhatsApp<\/span><\/a><\/li><li class='av-share-link av-social-link-linkedin avia_social_iconfont' ><a target=\"_blank\" aria-label=\"Condividi su LinkedIn\" href='https:\/\/linkedin.com\/shareArticle?mini=true&#038;title=Attualit%C3%A0&#038;url=https:\/\/www.learningbydoing.fr\/it\/attualita-pedagogia-adulti\/' data-av_icon='\ue8fc' data-av_iconfont='entypo-fontello'  title='' data-avia-related-tooltip='Condividi su LinkedIn'><span class='avia_hidden_link_text'>Condividi su LinkedIn<\/span><\/a><\/li><li class='av-share-link av-social-link-mail avia_social_iconfont' ><a  aria-label=\"Condividi attraverso Mail\" href='mailto:?subject=Attualit%C3%A0&#038;body=https:\/\/www.learningbydoing.fr\/it\/attualita-pedagogia-adulti\/' data-av_icon='\ue805' data-av_iconfont='entypo-fontello'  title='' data-avia-related-tooltip='Condividi attraverso Mail'><span class='avia_hidden_link_text'>Condividi attraverso Mail<\/span><\/a><\/li><\/ul><\/div><\/div><\/p>\n<section  class='av_textblock_section av-87dzf-26349663025767d2753f34913c69bed6 '   itemscope=\"itemscope\" itemtype=\"https:\/\/schema.org\/CreativeWork\" ><div class='avia_textblock'  itemprop=\"text\" ><p>Questa pagina riunisce diversi articoli riguardanti l&#8217;andragogia (pedagogia degli adulti), \u00a0la formazione aziendale e l&#8217;utilizzo di metodi attivi (simulazioni, business games, serious games, role playing, training within industry&#8230;)<\/p>\n<p>Ben che dal punto di vista cognitivo adulti e bambini apprendono allo stesso modo, il bisogno innato di \u00a0costruirsi e la migliore plasticit\u00e0 cerebrale, permettono ai bambini\u00a0di imparare pi\u00f9 rapidamente e con un minor sforzo.<\/p>\n<p>Le conoscenze pre-esistenti e le esperienze dell&#8217;adulto sono contemporaneamente un vantaggio e un inconveniente : un vantaggio perch\u00e8 rendono le nuove conoscenze pi\u00f9 rapidamente operative, e un inconveniente perch\u00e8 i nuovi messaggi entrano molto spesso\u00a0in conflitto con le esperienze anteriori.<\/p>\n<p>Per queste ragioni, la\u00a0formazione aziendale deve prendere in considerazione queste particolarit\u00e0, e deve essere :<\/p>\n<ul>\n<li>Concreta, per essere logica e dare\u00a0un senso pratico ai concetti astratti.<\/li>\n<li>Diversificata, per mantenere costantemente l&#8217;attenzione dei partecipanti.<\/li>\n<li>Conviviale, per dare piacere.<\/li>\n<li>Ludica, per\u00a0prendere della distanza dalla realit\u00e0 aziendale.<\/li>\n<\/ul>\n<\/div><\/section>\n","protected":false},"excerpt":{"rendered":"","protected":false},"author":1,"featured_media":0,"parent":0,"menu_order":0,"comment_status":"closed","ping_status":"closed","template":"","meta":{"_acf_changed":false,"footnotes":""},"class_list":["post-1643","page","type-page","status-publish","hentry"],"acf":[],"yoast_head":"<!-- This site is optimized with the Yoast SEO plugin v27.4 - https:\/\/yoast.com\/product\/yoast-seo-wordpress\/ -->\n<title>Pedagogia degli Adulti - Learning By Doing<\/title>\n<meta name=\"description\" content=\"Questa pagina riunisce diversi articole di fondo sull&#039;Andragogia (pedagogia degli adulti) e i metodi didattici.\" \/>\n<meta name=\"robots\" content=\"index, follow, max-snippet:-1, max-image-preview:large, max-video-preview:-1\" \/>\n<link rel=\"canonical\" href=\"https:\/\/www.learningbydoing.fr\/it\/attualita-pedagogia-adulti\/\" \/>\n<meta property=\"og:locale\" content=\"it_IT\" \/>\n<meta property=\"og:type\" content=\"article\" \/>\n<meta property=\"og:title\" content=\"Pedagogia degli Adulti - Learning By Doing\" \/>\n<meta property=\"og:description\" content=\"Questa pagina riunisce diversi articole di fondo sull&#039;Andragogia (pedagogia degli adulti) e i metodi didattici.\" \/>\n<meta property=\"og:url\" content=\"https:\/\/www.learningbydoing.fr\/it\/attualita-pedagogia-adulti\/\" \/>\n<meta property=\"og:site_name\" content=\"Learning by Doing\" \/>\n<meta property=\"article:modified_time\" content=\"2025-12-18T14:52:39+00:00\" \/>\n<meta name=\"twitter:card\" content=\"summary_large_image\" \/>\n<meta name=\"twitter:label1\" content=\"Tempo di lettura stimato\" \/>\n\t<meta name=\"twitter:data1\" content=\"1 minuto\" \/>\n<script type=\"application\/ld+json\" class=\"yoast-schema-graph\">{\"@context\":\"https:\\\/\\\/schema.org\",\"@graph\":[{\"@type\":\"WebPage\",\"@id\":\"https:\\\/\\\/www.learningbydoing.fr\\\/it\\\/attualita-pedagogia-adulti\\\/\",\"url\":\"https:\\\/\\\/www.learningbydoing.fr\\\/it\\\/attualita-pedagogia-adulti\\\/\",\"name\":\"Pedagogia degli Adulti - Learning By Doing\",\"isPartOf\":{\"@id\":\"https:\\\/\\\/www.learningbydoing.fr\\\/it\\\/#website\"},\"datePublished\":\"2015-09-11T13:59:15+00:00\",\"dateModified\":\"2025-12-18T14:52:39+00:00\",\"description\":\"Questa pagina riunisce diversi articole di fondo sull'Andragogia (pedagogia degli adulti) e i metodi didattici.\",\"breadcrumb\":{\"@id\":\"https:\\\/\\\/www.learningbydoing.fr\\\/it\\\/attualita-pedagogia-adulti\\\/#breadcrumb\"},\"inLanguage\":\"it-IT\",\"potentialAction\":[{\"@type\":\"ReadAction\",\"target\":[\"https:\\\/\\\/www.learningbydoing.fr\\\/it\\\/attualita-pedagogia-adulti\\\/\"]}]},{\"@type\":\"BreadcrumbList\",\"@id\":\"https:\\\/\\\/www.learningbydoing.fr\\\/it\\\/attualita-pedagogia-adulti\\\/#breadcrumb\",\"itemListElement\":[{\"@type\":\"ListItem\",\"position\":1,\"name\":\"Accueil\",\"item\":\"https:\\\/\\\/www.learningbydoing.fr\\\/it\\\/formation-de-formateur-et-ludopedagogie\\\/\"},{\"@type\":\"ListItem\",\"position\":2,\"name\":\"Attualit\u00e0\"}]},{\"@type\":\"WebSite\",\"@id\":\"https:\\\/\\\/www.learningbydoing.fr\\\/it\\\/#website\",\"url\":\"https:\\\/\\\/www.learningbydoing.fr\\\/it\\\/\",\"name\":\"Learning by Doing\",\"description\":\"Jeux de formation et formation de formateur\",\"publisher\":{\"@id\":\"https:\\\/\\\/www.learningbydoing.fr\\\/it\\\/#organization\"},\"potentialAction\":[{\"@type\":\"SearchAction\",\"target\":{\"@type\":\"EntryPoint\",\"urlTemplate\":\"https:\\\/\\\/www.learningbydoing.fr\\\/it\\\/?s={search_term_string}\"},\"query-input\":{\"@type\":\"PropertyValueSpecification\",\"valueRequired\":true,\"valueName\":\"search_term_string\"}}],\"inLanguage\":\"it-IT\"},{\"@type\":\"Organization\",\"@id\":\"https:\\\/\\\/www.learningbydoing.fr\\\/it\\\/#organization\",\"name\":\"Learning by Doing\",\"url\":\"https:\\\/\\\/www.learningbydoing.fr\\\/it\\\/\",\"logo\":{\"@type\":\"ImageObject\",\"inLanguage\":\"it-IT\",\"@id\":\"https:\\\/\\\/www.learningbydoing.fr\\\/it\\\/#\\\/schema\\\/logo\\\/image\\\/\",\"url\":\"https:\\\/\\\/www.learningbydoing.fr\\\/wp-content\\\/uploads\\\/2015\\\/10\\\/logo5_LBD_5.jpg\",\"contentUrl\":\"https:\\\/\\\/www.learningbydoing.fr\\\/wp-content\\\/uploads\\\/2015\\\/10\\\/logo5_LBD_5.jpg\",\"width\":650,\"height\":650,\"caption\":\"Learning by Doing\"},\"image\":{\"@id\":\"https:\\\/\\\/www.learningbydoing.fr\\\/it\\\/#\\\/schema\\\/logo\\\/image\\\/\"}}]}<\/script>\n<!-- \/ Yoast SEO plugin. -->","yoast_head_json":{"title":"Pedagogia degli Adulti - Learning By Doing","description":"Questa pagina riunisce diversi articole di fondo sull'Andragogia (pedagogia degli adulti) e i metodi didattici.","robots":{"index":"index","follow":"follow","max-snippet":"max-snippet:-1","max-image-preview":"max-image-preview:large","max-video-preview":"max-video-preview:-1"},"canonical":"https:\/\/www.learningbydoing.fr\/it\/attualita-pedagogia-adulti\/","og_locale":"it_IT","og_type":"article","og_title":"Pedagogia degli Adulti - Learning By Doing","og_description":"Questa pagina riunisce diversi articole di fondo sull'Andragogia (pedagogia degli adulti) e i metodi didattici.","og_url":"https:\/\/www.learningbydoing.fr\/it\/attualita-pedagogia-adulti\/","og_site_name":"Learning by Doing","article_modified_time":"2025-12-18T14:52:39+00:00","twitter_card":"summary_large_image","twitter_misc":{"Tempo di lettura stimato":"1 minuto"},"schema":{"@context":"https:\/\/schema.org","@graph":[{"@type":"WebPage","@id":"https:\/\/www.learningbydoing.fr\/it\/attualita-pedagogia-adulti\/","url":"https:\/\/www.learningbydoing.fr\/it\/attualita-pedagogia-adulti\/","name":"Pedagogia degli Adulti - Learning By Doing","isPartOf":{"@id":"https:\/\/www.learningbydoing.fr\/it\/#website"},"datePublished":"2015-09-11T13:59:15+00:00","dateModified":"2025-12-18T14:52:39+00:00","description":"Questa pagina riunisce diversi articole di fondo sull'Andragogia (pedagogia degli adulti) e i metodi didattici.","breadcrumb":{"@id":"https:\/\/www.learningbydoing.fr\/it\/attualita-pedagogia-adulti\/#breadcrumb"},"inLanguage":"it-IT","potentialAction":[{"@type":"ReadAction","target":["https:\/\/www.learningbydoing.fr\/it\/attualita-pedagogia-adulti\/"]}]},{"@type":"BreadcrumbList","@id":"https:\/\/www.learningbydoing.fr\/it\/attualita-pedagogia-adulti\/#breadcrumb","itemListElement":[{"@type":"ListItem","position":1,"name":"Accueil","item":"https:\/\/www.learningbydoing.fr\/it\/formation-de-formateur-et-ludopedagogie\/"},{"@type":"ListItem","position":2,"name":"Attualit\u00e0"}]},{"@type":"WebSite","@id":"https:\/\/www.learningbydoing.fr\/it\/#website","url":"https:\/\/www.learningbydoing.fr\/it\/","name":"Learning by Doing","description":"Jeux de formation et formation de formateur","publisher":{"@id":"https:\/\/www.learningbydoing.fr\/it\/#organization"},"potentialAction":[{"@type":"SearchAction","target":{"@type":"EntryPoint","urlTemplate":"https:\/\/www.learningbydoing.fr\/it\/?s={search_term_string}"},"query-input":{"@type":"PropertyValueSpecification","valueRequired":true,"valueName":"search_term_string"}}],"inLanguage":"it-IT"},{"@type":"Organization","@id":"https:\/\/www.learningbydoing.fr\/it\/#organization","name":"Learning by Doing","url":"https:\/\/www.learningbydoing.fr\/it\/","logo":{"@type":"ImageObject","inLanguage":"it-IT","@id":"https:\/\/www.learningbydoing.fr\/it\/#\/schema\/logo\/image\/","url":"https:\/\/www.learningbydoing.fr\/wp-content\/uploads\/2015\/10\/logo5_LBD_5.jpg","contentUrl":"https:\/\/www.learningbydoing.fr\/wp-content\/uploads\/2015\/10\/logo5_LBD_5.jpg","width":650,"height":650,"caption":"Learning by Doing"},"image":{"@id":"https:\/\/www.learningbydoing.fr\/it\/#\/schema\/logo\/image\/"}}]}},"_links":{"self":[{"href":"https:\/\/www.learningbydoing.fr\/it\/wp-json\/wp\/v2\/pages\/1643","targetHints":{"allow":["GET"]}}],"collection":[{"href":"https:\/\/www.learningbydoing.fr\/it\/wp-json\/wp\/v2\/pages"}],"about":[{"href":"https:\/\/www.learningbydoing.fr\/it\/wp-json\/wp\/v2\/types\/page"}],"author":[{"embeddable":true,"href":"https:\/\/www.learningbydoing.fr\/it\/wp-json\/wp\/v2\/users\/1"}],"replies":[{"embeddable":true,"href":"https:\/\/www.learningbydoing.fr\/it\/wp-json\/wp\/v2\/comments?post=1643"}],"version-history":[{"count":0,"href":"https:\/\/www.learningbydoing.fr\/it\/wp-json\/wp\/v2\/pages\/1643\/revisions"}],"wp:attachment":[{"href":"https:\/\/www.learningbydoing.fr\/it\/wp-json\/wp\/v2\/media?parent=1643"}],"curies":[{"name":"wp","href":"https:\/\/api.w.org\/{rel}","templated":true}]}}