{"id":1804,"date":"2015-11-09T16:50:21","date_gmt":"2015-11-09T15:50:21","guid":{"rendered":"http:\/\/www.learningbydoing.fr\/catalogo-formazioni\/seminaire-cohesion-dequipe\/"},"modified":"2016-12-13T15:33:07","modified_gmt":"2016-12-13T14:33:07","slug":"tem-building","status":"publish","type":"page","link":"https:\/\/www.learningbydoing.fr\/it\/catalogo-formazioni\/tem-building\/","title":{"rendered":"TEAM BUILDING"},"content":{"rendered":"\n<style type=\"text\/css\" data-created_by=\"avia_inline_auto\" id=\"style-css-av-av_hr-3757379612ea2dc12a91156e48f22a60\">\n#top .hr.av-av_hr-3757379612ea2dc12a91156e48f22a60{\nmargin-top:10px;\nmargin-bottom:0px;\n}\n.hr.av-av_hr-3757379612ea2dc12a91156e48f22a60 .hr-inner{\nwidth:100%;\n}\n<\/style>\n<div  class='hr av-av_hr-3757379612ea2dc12a91156e48f22a60 hr-custom  avia-builder-el-0  el_before_av_heading  avia-builder-el-first  hr-center hr-icon-no'><span class='hr-inner inner-border-av-border-thin'><span class=\"hr-inner-style\"><\/span><\/span><\/div>\n\n<style type=\"text\/css\" data-created_by=\"avia_inline_auto\" id=\"style-css-av-av_heading-f2a39ad5b88834df3c3c4e3b03634a35\">\n#top .av-special-heading.av-av_heading-f2a39ad5b88834df3c3c4e3b03634a35{\npadding-bottom:0;\nfont-size:35px;\n}\nbody .av-special-heading.av-av_heading-f2a39ad5b88834df3c3c4e3b03634a35 .av-special-heading-tag .heading-char{\nfont-size:25px;\n}\n#top #wrap_all .av-special-heading.av-av_heading-f2a39ad5b88834df3c3c4e3b03634a35 .av-special-heading-tag{\nfont-size:35px;\n}\n.av-special-heading.av-av_heading-f2a39ad5b88834df3c3c4e3b03634a35 .av-subheading{\nfont-size:16px;\n}\n\n@media only screen and (min-width: 480px) and (max-width: 767px){ \n#top #wrap_all .av-special-heading.av-av_heading-f2a39ad5b88834df3c3c4e3b03634a35 .av-special-heading-tag{\nfont-size:0.8em;\n}\n}\n\n@media only screen and (max-width: 479px){ \n#top #wrap_all .av-special-heading.av-av_heading-f2a39ad5b88834df3c3c4e3b03634a35 .av-special-heading-tag{\nfont-size:0.8em;\n}\n}\n<\/style>\n<div  class='av-special-heading av-av_heading-f2a39ad5b88834df3c3c4e3b03634a35 av-special-heading-h3 blockquote modern-quote modern-centered  avia-builder-el-1  el_after_av_hr  el_before_av_section  avia-builder-el-last  av-inherit-size'><h3 class='av-special-heading-tag '  itemprop=\"headline\"  >TEAM BUILDING<\/h3><div class='av-subheading av-subheading_below'><p>Esempi di seminari di tem building erogati con dei giochi d&#8217;aula e strumenti didattici interattivi.<\/p>\n<\/div><div class=\"special-heading-border\"><div class=\"special-heading-inner-border\"><\/div><\/div><\/div>\n<\/div><\/div><\/div><!-- close content main div --><\/div><\/div><div id='av_section_1'  class='avia-section av-av_section-ef27c14df3eea9aea8129e371d7929a8 main_color avia-section-no-padding avia-no-border-styling  avia-builder-el-2  el_after_av_heading  avia-builder-el-last  avia-bg-style-scroll container_wrap sidebar_right'  ><div class='container av-section-cont-open' ><div class='template-page content  av-content-small alpha units'><div class='post-entry post-entry-type-page post-entry-1804'><div class='entry-content-wrapper clearfix'>\n\n<style type=\"text\/css\" data-created_by=\"avia_inline_auto\" id=\"style-css-av-av_hr-f3683c4fe36eae955c807e5927d263f1\">\n#top .hr.av-av_hr-f3683c4fe36eae955c807e5927d263f1{\nmargin-top:0px;\nmargin-bottom:0px;\n}\n.hr.av-av_hr-f3683c4fe36eae955c807e5927d263f1 .hr-inner{\nwidth:50%;\nborder-color:#e11425;\n}\n<\/style>\n<div  class='hr av-av_hr-f3683c4fe36eae955c807e5927d263f1 hr-custom  avia-builder-el-3  el_before_av_masonry_entries  avia-builder-el-no-sibling  hr-center hr-icon-no'><span class='hr-inner inner-border-av-border-thin'><span class=\"hr-inner-style\"><\/span><\/span><\/div>\n<div id='av-masonry-1' class='av-masonry av-av_masonry_entries-1088c796cf96eab0fff19048788293b1 noHover av-fixed-size av-large-gap av-hover-overlay- av-masonry-animation-active av-masonry-col-4 av-caption-always av-caption-style- av-masonry-entries ' data-post_id=\"1804\"><div class=\"av-masonry-container isotope av-js-disabled\"><div class='av-masonry-entry isotope-item av-masonry-item-no-image '><\/div><a href=\"https:\/\/www.learningbydoing.fr\/it\/portfolio-item\/conoscere-i-processi-dellazienda\/\"  id='av-masonry-1-item-1908' data-av-masonry-item='1908' class='av-masonry-entry isotope-item post-1908 portfolio type-portfolio status-publish has-post-thumbnail hentry portfolio_entries-jeux-it portfolio_entries-jeux-cohesion-dequipe-it portfolio_entries-supply-chain-it portfolio_entries-accueil-jeux  av-masonry-item-with-image' title=\"comprendre_les_processus\"   itemscope=\"itemscope\" itemtype=\"https:\/\/schema.org\/CreativeWork\" ><div class='av-inner-masonry-sizer'><\/div><figure class='av-inner-masonry main_color'><div class=\"av-masonry-outerimage-container\"><div class='av-masonry-image-container' style=\"background-image: url(https:\/\/www.learningbydoing.fr\/wp-content\/uploads\/2015\/11\/comprendre_les_processus1-705x492.jpg);\"  title=\"comprendre_les_processus\" ><\/div><\/div><figcaption class='av-inner-masonry-content site-background'><div class='av-inner-masonry-content-pos'><div class='av-inner-masonry-content-pos-content'><div class='avia-arrow'><\/div><h3 class='av-masonry-entry-title entry-title '  itemprop=\"headline\" >Conoscere i processi dell&#8217;azienda<\/h3><\/div><\/div><\/figcaption><\/figure><\/a><!--end av-masonry entry--><a href=\"https:\/\/www.learningbydoing.fr\/it\/portfolio-item\/federare-il-personale-verso-obiettivi-comuni\/\"  id='av-masonry-1-item-1914' data-av-masonry-item='1914' class='av-masonry-entry isotope-item post-1914 portfolio type-portfolio status-publish has-post-thumbnail hentry portfolio_entries-formations-it portfolio_entries-jeux-it portfolio_entries-jeux-sur-mesure-it portfolio_entries-jeux-cohesion-dequipe-it portfolio_entries-formations2-cohesion-dequipe-it  av-masonry-item-with-image' title=\"03-1500&#215;630\"   itemscope=\"itemscope\" itemtype=\"https:\/\/schema.org\/CreativeWork\" ><div class='av-inner-masonry-sizer'><\/div><figure class='av-inner-masonry main_color'><div class=\"av-masonry-outerimage-container\"><div class='av-masonry-image-container' style=\"background-image: url(https:\/\/www.learningbydoing.fr\/wp-content\/uploads\/2015\/09\/03-1500x630-705x296.jpg);\"  title=\"03-1500&#215;630\" ><\/div><\/div><figcaption class='av-inner-masonry-content site-background'><div class='av-inner-masonry-content-pos'><div class='av-inner-masonry-content-pos-content'><div class='avia-arrow'><\/div><h3 class='av-masonry-entry-title entry-title '  itemprop=\"headline\" >Federare il personale verso obiettivi comuni<\/h3><\/div><\/div><\/figcaption><\/figure><\/a><!--end av-masonry entry--><\/div><\/div>\n<\/div><\/div><\/div><!-- close content main div --><\/div><\/div><div id='after_section_1'  class='main_color av_default_container_wrap container_wrap sidebar_right'  ><div class='container av-section-cont-open' ><div class='template-page content  av-content-small alpha units'><div class='post-entry post-entry-type-page post-entry-1804'><div class='entry-content-wrapper clearfix'>\n","protected":false},"excerpt":{"rendered":"","protected":false},"author":1,"featured_media":0,"parent":1774,"menu_order":0,"comment_status":"closed","ping_status":"closed","template":"","meta":{"_acf_changed":false,"footnotes":""},"class_list":["post-1804","page","type-page","status-publish","hentry"],"acf":[],"yoast_head":"<!-- This site is optimized with the Yoast SEO plugin v27.4 - https:\/\/yoast.com\/product\/yoast-seo-wordpress\/ -->\n<title>Seminari Team Building - Learning By Doing<\/title>\n<meta name=\"description\" content=\"Impliquer et f\u00e9d\u00e9rer les membres des \u00e9quipes par une communication ouverte et positive.\" \/>\n<meta name=\"robots\" content=\"index, follow, max-snippet:-1, max-image-preview:large, max-video-preview:-1\" \/>\n<link rel=\"canonical\" href=\"https:\/\/www.learningbydoing.fr\/it\/catalogo-formazioni\/tem-building\/\" \/>\n<meta property=\"og:locale\" content=\"it_IT\" \/>\n<meta property=\"og:type\" content=\"article\" \/>\n<meta property=\"og:title\" content=\"Seminari Team Building - Learning By Doing\" \/>\n<meta property=\"og:description\" content=\"Impliquer et f\u00e9d\u00e9rer les membres des \u00e9quipes par une communication ouverte et positive.\" \/>\n<meta property=\"og:url\" content=\"https:\/\/www.learningbydoing.fr\/it\/catalogo-formazioni\/tem-building\/\" \/>\n<meta property=\"og:site_name\" content=\"Learning by Doing\" \/>\n<meta property=\"article:modified_time\" content=\"2016-12-13T14:33:07+00:00\" \/>\n<meta name=\"twitter:card\" content=\"summary_large_image\" \/>\n<meta name=\"twitter:label1\" content=\"Tempo di lettura stimato\" \/>\n\t<meta name=\"twitter:data1\" content=\"1 minuto\" \/>\n<script type=\"application\/ld+json\" class=\"yoast-schema-graph\">{\"@context\":\"https:\\\/\\\/schema.org\",\"@graph\":[{\"@type\":\"WebPage\",\"@id\":\"https:\\\/\\\/www.learningbydoing.fr\\\/it\\\/catalogo-formazioni\\\/tem-building\\\/\",\"url\":\"https:\\\/\\\/www.learningbydoing.fr\\\/it\\\/catalogo-formazioni\\\/tem-building\\\/\",\"name\":\"Seminari Team Building - Learning By Doing\",\"isPartOf\":{\"@id\":\"https:\\\/\\\/www.learningbydoing.fr\\\/it\\\/#website\"},\"datePublished\":\"2015-11-09T15:50:21+00:00\",\"dateModified\":\"2016-12-13T14:33:07+00:00\",\"description\":\"Impliquer et f\u00e9d\u00e9rer les membres des \u00e9quipes par une communication ouverte et positive.\",\"breadcrumb\":{\"@id\":\"https:\\\/\\\/www.learningbydoing.fr\\\/it\\\/catalogo-formazioni\\\/tem-building\\\/#breadcrumb\"},\"inLanguage\":\"it-IT\",\"potentialAction\":[{\"@type\":\"ReadAction\",\"target\":[\"https:\\\/\\\/www.learningbydoing.fr\\\/it\\\/catalogo-formazioni\\\/tem-building\\\/\"]}]},{\"@type\":\"BreadcrumbList\",\"@id\":\"https:\\\/\\\/www.learningbydoing.fr\\\/it\\\/catalogo-formazioni\\\/tem-building\\\/#breadcrumb\",\"itemListElement\":[{\"@type\":\"ListItem\",\"position\":1,\"name\":\"Accueil\",\"item\":\"https:\\\/\\\/www.learningbydoing.fr\\\/it\\\/formation-de-formateur-et-ludopedagogie\\\/\"},{\"@type\":\"ListItem\",\"position\":2,\"name\":\"Catalogo formazioni\",\"item\":\"https:\\\/\\\/www.learningbydoing.fr\\\/it\\\/catalogo-formazioni\\\/\"},{\"@type\":\"ListItem\",\"position\":3,\"name\":\"TEAM BUILDING\"}]},{\"@type\":\"WebSite\",\"@id\":\"https:\\\/\\\/www.learningbydoing.fr\\\/it\\\/#website\",\"url\":\"https:\\\/\\\/www.learningbydoing.fr\\\/it\\\/\",\"name\":\"Learning by Doing\",\"description\":\"Jeux de formation et formation de formateur\",\"publisher\":{\"@id\":\"https:\\\/\\\/www.learningbydoing.fr\\\/it\\\/#organization\"},\"potentialAction\":[{\"@type\":\"SearchAction\",\"target\":{\"@type\":\"EntryPoint\",\"urlTemplate\":\"https:\\\/\\\/www.learningbydoing.fr\\\/it\\\/?s={search_term_string}\"},\"query-input\":{\"@type\":\"PropertyValueSpecification\",\"valueRequired\":true,\"valueName\":\"search_term_string\"}}],\"inLanguage\":\"it-IT\"},{\"@type\":\"Organization\",\"@id\":\"https:\\\/\\\/www.learningbydoing.fr\\\/it\\\/#organization\",\"name\":\"Learning by Doing\",\"url\":\"https:\\\/\\\/www.learningbydoing.fr\\\/it\\\/\",\"logo\":{\"@type\":\"ImageObject\",\"inLanguage\":\"it-IT\",\"@id\":\"https:\\\/\\\/www.learningbydoing.fr\\\/it\\\/#\\\/schema\\\/logo\\\/image\\\/\",\"url\":\"https:\\\/\\\/www.learningbydoing.fr\\\/wp-content\\\/uploads\\\/2015\\\/10\\\/logo5_LBD_5.jpg\",\"contentUrl\":\"https:\\\/\\\/www.learningbydoing.fr\\\/wp-content\\\/uploads\\\/2015\\\/10\\\/logo5_LBD_5.jpg\",\"width\":650,\"height\":650,\"caption\":\"Learning by Doing\"},\"image\":{\"@id\":\"https:\\\/\\\/www.learningbydoing.fr\\\/it\\\/#\\\/schema\\\/logo\\\/image\\\/\"}}]}<\/script>\n<!-- \/ Yoast SEO plugin. -->","yoast_head_json":{"title":"Seminari Team Building - Learning By Doing","description":"Impliquer et f\u00e9d\u00e9rer les membres des \u00e9quipes par une communication ouverte et positive.","robots":{"index":"index","follow":"follow","max-snippet":"max-snippet:-1","max-image-preview":"max-image-preview:large","max-video-preview":"max-video-preview:-1"},"canonical":"https:\/\/www.learningbydoing.fr\/it\/catalogo-formazioni\/tem-building\/","og_locale":"it_IT","og_type":"article","og_title":"Seminari Team Building - Learning By Doing","og_description":"Impliquer et f\u00e9d\u00e9rer les membres des \u00e9quipes par une communication ouverte et positive.","og_url":"https:\/\/www.learningbydoing.fr\/it\/catalogo-formazioni\/tem-building\/","og_site_name":"Learning by Doing","article_modified_time":"2016-12-13T14:33:07+00:00","twitter_card":"summary_large_image","twitter_misc":{"Tempo di lettura stimato":"1 minuto"},"schema":{"@context":"https:\/\/schema.org","@graph":[{"@type":"WebPage","@id":"https:\/\/www.learningbydoing.fr\/it\/catalogo-formazioni\/tem-building\/","url":"https:\/\/www.learningbydoing.fr\/it\/catalogo-formazioni\/tem-building\/","name":"Seminari Team Building - Learning By Doing","isPartOf":{"@id":"https:\/\/www.learningbydoing.fr\/it\/#website"},"datePublished":"2015-11-09T15:50:21+00:00","dateModified":"2016-12-13T14:33:07+00:00","description":"Impliquer et f\u00e9d\u00e9rer les membres des \u00e9quipes par une communication ouverte et positive.","breadcrumb":{"@id":"https:\/\/www.learningbydoing.fr\/it\/catalogo-formazioni\/tem-building\/#breadcrumb"},"inLanguage":"it-IT","potentialAction":[{"@type":"ReadAction","target":["https:\/\/www.learningbydoing.fr\/it\/catalogo-formazioni\/tem-building\/"]}]},{"@type":"BreadcrumbList","@id":"https:\/\/www.learningbydoing.fr\/it\/catalogo-formazioni\/tem-building\/#breadcrumb","itemListElement":[{"@type":"ListItem","position":1,"name":"Accueil","item":"https:\/\/www.learningbydoing.fr\/it\/formation-de-formateur-et-ludopedagogie\/"},{"@type":"ListItem","position":2,"name":"Catalogo formazioni","item":"https:\/\/www.learningbydoing.fr\/it\/catalogo-formazioni\/"},{"@type":"ListItem","position":3,"name":"TEAM BUILDING"}]},{"@type":"WebSite","@id":"https:\/\/www.learningbydoing.fr\/it\/#website","url":"https:\/\/www.learningbydoing.fr\/it\/","name":"Learning by Doing","description":"Jeux de formation et formation de formateur","publisher":{"@id":"https:\/\/www.learningbydoing.fr\/it\/#organization"},"potentialAction":[{"@type":"SearchAction","target":{"@type":"EntryPoint","urlTemplate":"https:\/\/www.learningbydoing.fr\/it\/?s={search_term_string}"},"query-input":{"@type":"PropertyValueSpecification","valueRequired":true,"valueName":"search_term_string"}}],"inLanguage":"it-IT"},{"@type":"Organization","@id":"https:\/\/www.learningbydoing.fr\/it\/#organization","name":"Learning by Doing","url":"https:\/\/www.learningbydoing.fr\/it\/","logo":{"@type":"ImageObject","inLanguage":"it-IT","@id":"https:\/\/www.learningbydoing.fr\/it\/#\/schema\/logo\/image\/","url":"https:\/\/www.learningbydoing.fr\/wp-content\/uploads\/2015\/10\/logo5_LBD_5.jpg","contentUrl":"https:\/\/www.learningbydoing.fr\/wp-content\/uploads\/2015\/10\/logo5_LBD_5.jpg","width":650,"height":650,"caption":"Learning by Doing"},"image":{"@id":"https:\/\/www.learningbydoing.fr\/it\/#\/schema\/logo\/image\/"}}]}},"_links":{"self":[{"href":"https:\/\/www.learningbydoing.fr\/it\/wp-json\/wp\/v2\/pages\/1804","targetHints":{"allow":["GET"]}}],"collection":[{"href":"https:\/\/www.learningbydoing.fr\/it\/wp-json\/wp\/v2\/pages"}],"about":[{"href":"https:\/\/www.learningbydoing.fr\/it\/wp-json\/wp\/v2\/types\/page"}],"author":[{"embeddable":true,"href":"https:\/\/www.learningbydoing.fr\/it\/wp-json\/wp\/v2\/users\/1"}],"replies":[{"embeddable":true,"href":"https:\/\/www.learningbydoing.fr\/it\/wp-json\/wp\/v2\/comments?post=1804"}],"version-history":[{"count":0,"href":"https:\/\/www.learningbydoing.fr\/it\/wp-json\/wp\/v2\/pages\/1804\/revisions"}],"up":[{"embeddable":true,"href":"https:\/\/www.learningbydoing.fr\/it\/wp-json\/wp\/v2\/pages\/1774"}],"wp:attachment":[{"href":"https:\/\/www.learningbydoing.fr\/it\/wp-json\/wp\/v2\/media?parent=1804"}],"curies":[{"name":"wp","href":"https:\/\/api.w.org\/{rel}","templated":true}]}}