{"id":2448,"date":"2017-12-04T10:03:59","date_gmt":"2017-12-04T09:03:59","guid":{"rendered":"http:\/\/www.learningbydoing.fr\/confirmation-abonnement-newsletter-livre-blanc\/"},"modified":"2017-12-04T10:10:16","modified_gmt":"2017-12-04T09:10:16","slug":"confirmation-abonnement-newsletter-livre-blanc","status":"publish","type":"page","link":"https:\/\/www.learningbydoing.fr\/it\/confirmation-abonnement-newsletter-livre-blanc\/","title":{"rendered":"Confirmation abonnement Newsletter et Livre Blanc"},"content":{"rendered":"<div  class='hr av-av_hr-dcd2069817a0e3d34ae04cad8f3443c7 hr-default  avia-builder-el-0  el_before_av_heading  avia-builder-el-first '><span class='hr-inner '><span class=\"hr-inner-style\"><\/span><\/span><\/div>\n\n<style type=\"text\/css\" data-created_by=\"avia_inline_auto\" id=\"style-css-av-av_heading-3cc97a2036c041b0095d41c5734c684e\">\n#top .av-special-heading.av-av_heading-3cc97a2036c041b0095d41c5734c684e{\npadding-bottom:10px;\nfont-size:38px;\n}\nbody .av-special-heading.av-av_heading-3cc97a2036c041b0095d41c5734c684e .av-special-heading-tag .heading-char{\nfont-size:25px;\n}\n#top #wrap_all .av-special-heading.av-av_heading-3cc97a2036c041b0095d41c5734c684e .av-special-heading-tag{\nfont-size:38px;\n}\n.av-special-heading.av-av_heading-3cc97a2036c041b0095d41c5734c684e .av-subheading{\nfont-size:15px;\n}\n\n@media only screen and (min-width: 480px) and (max-width: 767px){ \n#top #wrap_all .av-special-heading.av-av_heading-3cc97a2036c041b0095d41c5734c684e .av-special-heading-tag{\nfont-size:0.8em;\n}\n}\n\n@media only screen and (max-width: 479px){ \n#top #wrap_all .av-special-heading.av-av_heading-3cc97a2036c041b0095d41c5734c684e .av-special-heading-tag{\nfont-size:0.8em;\n}\n}\n<\/style>\n<div  class='av-special-heading av-av_heading-3cc97a2036c041b0095d41c5734c684e av-special-heading-h3 blockquote modern-quote modern-centered  avia-builder-el-1  el_after_av_hr  el_before_av_textblock  av-inherit-size'><h3 class='av-special-heading-tag '  itemprop=\"headline\"  >Vous venez de vous abonner \u00e0 nos actualit\u00e9s. <\/h3><div class=\"special-heading-border\"><div class=\"special-heading-inner-border\"><\/div><\/div><\/div>\n<section  class='av_textblock_section av-av_textblock-0366cc7376be6c9e82a3e9cc8987b64f '   itemscope=\"itemscope\" itemtype=\"https:\/\/schema.org\/CreativeWork\" ><div class='avia_textblock'  itemprop=\"text\" ><p align=\"center\">Si vous avez fait une demande de r\u00e9ception du Livre Blanc, vous allez recevoir un e-mail contenant le lien de t\u00e9l\u00e9chargement du Livre Blanc des jeux de formation.<\/p>\n<\/div><\/section>\n<div  class='avia-button-wrap av-av_button-e596236cf42ab3a065377afed018de58-wrap avia-button-center  avia-builder-el-3  el_after_av_textblock  avia-builder-el-last '><a href='https:\/\/www.learningbydoing.fr\/accueil-ancien\/'  class='avia-button av-av_button-e596236cf42ab3a065377afed018de58 av-link-btn avia-icon_select-yes-left-icon avia-size-small avia-position-center avia-color-theme-color'   aria-label=\"RETOUR\u00c0 LA PAGE D\u2019ACCUEIL SITE\"><span class='avia_button_icon avia_button_icon_left avia-iconfont avia-font-entypo-fontello' data-av_icon='\ue830' data-av_iconfont='entypo-fontello' ><\/span><span class='avia_iconbox_title' >RETOUR\u00c0 LA PAGE D\u2019ACCUEIL SITE<\/span><\/a><\/div>\n","protected":false},"excerpt":{"rendered":"","protected":false},"author":1,"featured_media":0,"parent":0,"menu_order":0,"comment_status":"closed","ping_status":"closed","template":"","meta":{"_acf_changed":false,"footnotes":""},"class_list":["post-2448","page","type-page","status-publish","hentry"],"acf":[],"yoast_head":"<!-- This site is optimized with the Yoast SEO plugin v27.4 - https:\/\/yoast.com\/product\/yoast-seo-wordpress\/ -->\n<title>Confirmation abonnement Newsletter et Livre Blanc - Learning by Doing<\/title>\n<meta name=\"robots\" content=\"index, follow, max-snippet:-1, max-image-preview:large, max-video-preview:-1\" \/>\n<link rel=\"canonical\" href=\"https:\/\/www.learningbydoing.fr\/it\/confirmation-abonnement-newsletter-livre-blanc\/\" \/>\n<meta property=\"og:locale\" content=\"it_IT\" \/>\n<meta property=\"og:type\" content=\"article\" \/>\n<meta property=\"og:title\" content=\"Confirmation abonnement Newsletter et Livre Blanc - Learning by Doing\" \/>\n<meta property=\"og:url\" content=\"https:\/\/www.learningbydoing.fr\/it\/confirmation-abonnement-newsletter-livre-blanc\/\" \/>\n<meta property=\"og:site_name\" content=\"Learning by Doing\" \/>\n<meta property=\"article:modified_time\" content=\"2017-12-04T09:10:16+00:00\" \/>\n<meta name=\"twitter:card\" content=\"summary_large_image\" \/>\n<meta name=\"twitter:label1\" content=\"Tempo di lettura stimato\" \/>\n\t<meta name=\"twitter:data1\" content=\"1 minuto\" \/>\n<script type=\"application\/ld+json\" class=\"yoast-schema-graph\">{\"@context\":\"https:\\\/\\\/schema.org\",\"@graph\":[{\"@type\":\"WebPage\",\"@id\":\"https:\\\/\\\/www.learningbydoing.fr\\\/it\\\/confirmation-abonnement-newsletter-livre-blanc\\\/\",\"url\":\"https:\\\/\\\/www.learningbydoing.fr\\\/it\\\/confirmation-abonnement-newsletter-livre-blanc\\\/\",\"name\":\"Confirmation abonnement Newsletter et Livre Blanc - Learning by Doing\",\"isPartOf\":{\"@id\":\"https:\\\/\\\/www.learningbydoing.fr\\\/it\\\/#website\"},\"datePublished\":\"2017-12-04T09:03:59+00:00\",\"dateModified\":\"2017-12-04T09:10:16+00:00\",\"breadcrumb\":{\"@id\":\"https:\\\/\\\/www.learningbydoing.fr\\\/it\\\/confirmation-abonnement-newsletter-livre-blanc\\\/#breadcrumb\"},\"inLanguage\":\"it-IT\",\"potentialAction\":[{\"@type\":\"ReadAction\",\"target\":[\"https:\\\/\\\/www.learningbydoing.fr\\\/it\\\/confirmation-abonnement-newsletter-livre-blanc\\\/\"]}]},{\"@type\":\"BreadcrumbList\",\"@id\":\"https:\\\/\\\/www.learningbydoing.fr\\\/it\\\/confirmation-abonnement-newsletter-livre-blanc\\\/#breadcrumb\",\"itemListElement\":[{\"@type\":\"ListItem\",\"position\":1,\"name\":\"Accueil\",\"item\":\"https:\\\/\\\/www.learningbydoing.fr\\\/it\\\/formation-de-formateur-et-ludopedagogie\\\/\"},{\"@type\":\"ListItem\",\"position\":2,\"name\":\"Confirmation abonnement Newsletter et Livre Blanc\"}]},{\"@type\":\"WebSite\",\"@id\":\"https:\\\/\\\/www.learningbydoing.fr\\\/it\\\/#website\",\"url\":\"https:\\\/\\\/www.learningbydoing.fr\\\/it\\\/\",\"name\":\"Learning by Doing\",\"description\":\"Jeux de formation et formation de formateur\",\"publisher\":{\"@id\":\"https:\\\/\\\/www.learningbydoing.fr\\\/it\\\/#organization\"},\"potentialAction\":[{\"@type\":\"SearchAction\",\"target\":{\"@type\":\"EntryPoint\",\"urlTemplate\":\"https:\\\/\\\/www.learningbydoing.fr\\\/it\\\/?s={search_term_string}\"},\"query-input\":{\"@type\":\"PropertyValueSpecification\",\"valueRequired\":true,\"valueName\":\"search_term_string\"}}],\"inLanguage\":\"it-IT\"},{\"@type\":\"Organization\",\"@id\":\"https:\\\/\\\/www.learningbydoing.fr\\\/it\\\/#organization\",\"name\":\"Learning by Doing\",\"url\":\"https:\\\/\\\/www.learningbydoing.fr\\\/it\\\/\",\"logo\":{\"@type\":\"ImageObject\",\"inLanguage\":\"it-IT\",\"@id\":\"https:\\\/\\\/www.learningbydoing.fr\\\/it\\\/#\\\/schema\\\/logo\\\/image\\\/\",\"url\":\"https:\\\/\\\/www.learningbydoing.fr\\\/wp-content\\\/uploads\\\/2015\\\/10\\\/logo5_LBD_5.jpg\",\"contentUrl\":\"https:\\\/\\\/www.learningbydoing.fr\\\/wp-content\\\/uploads\\\/2015\\\/10\\\/logo5_LBD_5.jpg\",\"width\":650,\"height\":650,\"caption\":\"Learning by Doing\"},\"image\":{\"@id\":\"https:\\\/\\\/www.learningbydoing.fr\\\/it\\\/#\\\/schema\\\/logo\\\/image\\\/\"}}]}<\/script>\n<!-- \/ Yoast SEO plugin. -->","yoast_head_json":{"title":"Confirmation abonnement Newsletter et Livre Blanc - Learning by Doing","robots":{"index":"index","follow":"follow","max-snippet":"max-snippet:-1","max-image-preview":"max-image-preview:large","max-video-preview":"max-video-preview:-1"},"canonical":"https:\/\/www.learningbydoing.fr\/it\/confirmation-abonnement-newsletter-livre-blanc\/","og_locale":"it_IT","og_type":"article","og_title":"Confirmation abonnement Newsletter et Livre Blanc - Learning by Doing","og_url":"https:\/\/www.learningbydoing.fr\/it\/confirmation-abonnement-newsletter-livre-blanc\/","og_site_name":"Learning by Doing","article_modified_time":"2017-12-04T09:10:16+00:00","twitter_card":"summary_large_image","twitter_misc":{"Tempo di lettura stimato":"1 minuto"},"schema":{"@context":"https:\/\/schema.org","@graph":[{"@type":"WebPage","@id":"https:\/\/www.learningbydoing.fr\/it\/confirmation-abonnement-newsletter-livre-blanc\/","url":"https:\/\/www.learningbydoing.fr\/it\/confirmation-abonnement-newsletter-livre-blanc\/","name":"Confirmation abonnement Newsletter et Livre Blanc - Learning by Doing","isPartOf":{"@id":"https:\/\/www.learningbydoing.fr\/it\/#website"},"datePublished":"2017-12-04T09:03:59+00:00","dateModified":"2017-12-04T09:10:16+00:00","breadcrumb":{"@id":"https:\/\/www.learningbydoing.fr\/it\/confirmation-abonnement-newsletter-livre-blanc\/#breadcrumb"},"inLanguage":"it-IT","potentialAction":[{"@type":"ReadAction","target":["https:\/\/www.learningbydoing.fr\/it\/confirmation-abonnement-newsletter-livre-blanc\/"]}]},{"@type":"BreadcrumbList","@id":"https:\/\/www.learningbydoing.fr\/it\/confirmation-abonnement-newsletter-livre-blanc\/#breadcrumb","itemListElement":[{"@type":"ListItem","position":1,"name":"Accueil","item":"https:\/\/www.learningbydoing.fr\/it\/formation-de-formateur-et-ludopedagogie\/"},{"@type":"ListItem","position":2,"name":"Confirmation abonnement Newsletter et Livre Blanc"}]},{"@type":"WebSite","@id":"https:\/\/www.learningbydoing.fr\/it\/#website","url":"https:\/\/www.learningbydoing.fr\/it\/","name":"Learning by Doing","description":"Jeux de formation et formation de formateur","publisher":{"@id":"https:\/\/www.learningbydoing.fr\/it\/#organization"},"potentialAction":[{"@type":"SearchAction","target":{"@type":"EntryPoint","urlTemplate":"https:\/\/www.learningbydoing.fr\/it\/?s={search_term_string}"},"query-input":{"@type":"PropertyValueSpecification","valueRequired":true,"valueName":"search_term_string"}}],"inLanguage":"it-IT"},{"@type":"Organization","@id":"https:\/\/www.learningbydoing.fr\/it\/#organization","name":"Learning by Doing","url":"https:\/\/www.learningbydoing.fr\/it\/","logo":{"@type":"ImageObject","inLanguage":"it-IT","@id":"https:\/\/www.learningbydoing.fr\/it\/#\/schema\/logo\/image\/","url":"https:\/\/www.learningbydoing.fr\/wp-content\/uploads\/2015\/10\/logo5_LBD_5.jpg","contentUrl":"https:\/\/www.learningbydoing.fr\/wp-content\/uploads\/2015\/10\/logo5_LBD_5.jpg","width":650,"height":650,"caption":"Learning by Doing"},"image":{"@id":"https:\/\/www.learningbydoing.fr\/it\/#\/schema\/logo\/image\/"}}]}},"_links":{"self":[{"href":"https:\/\/www.learningbydoing.fr\/it\/wp-json\/wp\/v2\/pages\/2448","targetHints":{"allow":["GET"]}}],"collection":[{"href":"https:\/\/www.learningbydoing.fr\/it\/wp-json\/wp\/v2\/pages"}],"about":[{"href":"https:\/\/www.learningbydoing.fr\/it\/wp-json\/wp\/v2\/types\/page"}],"author":[{"embeddable":true,"href":"https:\/\/www.learningbydoing.fr\/it\/wp-json\/wp\/v2\/users\/1"}],"replies":[{"embeddable":true,"href":"https:\/\/www.learningbydoing.fr\/it\/wp-json\/wp\/v2\/comments?post=2448"}],"version-history":[{"count":0,"href":"https:\/\/www.learningbydoing.fr\/it\/wp-json\/wp\/v2\/pages\/2448\/revisions"}],"wp:attachment":[{"href":"https:\/\/www.learningbydoing.fr\/it\/wp-json\/wp\/v2\/media?parent=2448"}],"curies":[{"name":"wp","href":"https:\/\/api.w.org\/{rel}","templated":true}]}}