{"id":30119,"date":"2025-11-28T12:49:08","date_gmt":"2025-11-28T11:49:08","guid":{"rendered":"https:\/\/www.learningbydoing.fr\/demande-du-livre-blanc-pedagogie-active\/"},"modified":"2025-12-11T12:20:29","modified_gmt":"2025-12-11T11:20:29","slug":"demande-du-livre-blanc-pedagogie-active","status":"publish","type":"page","link":"https:\/\/www.learningbydoing.fr\/it\/demande-du-livre-blanc-pedagogie-active\/","title":{"rendered":"Demande du Livre blanc P\u00e9dagogie Active"},"content":{"rendered":"\n<style type=\"text\/css\" data-created_by=\"avia_inline_auto\" id=\"style-css-av-1ch572-a5d13b46d3bd83455630688d22b486aa\">\n#top .hr.av-1ch572-a5d13b46d3bd83455630688d22b486aa{\nmargin-top:0px;\nmargin-bottom:0px;\n}\n.hr.av-1ch572-a5d13b46d3bd83455630688d22b486aa .hr-inner{\nwidth:100%;\n}\n<\/style>\n<div  class='hr av-1ch572-a5d13b46d3bd83455630688d22b486aa hr-custom  avia-builder-el-0  el_before_av_two_fifth  avia-builder-el-first  hr-center hr-icon-no'><span class='hr-inner inner-border-av-border-thin'><span class=\"hr-inner-style\"><\/span><\/span><\/div>\n\n<style type=\"text\/css\" data-created_by=\"avia_inline_auto\" id=\"style-css-av-bys7vi-ac3e3416ad7b754d4b55d1feac7841c5\">\n.flex_column.av-bys7vi-ac3e3416ad7b754d4b55d1feac7841c5{\nborder-radius:0px 0px 0px 0px;\npadding:0px 0px 0px 0px;\n}\n<\/style>\n<div  class='flex_column av-bys7vi-ac3e3416ad7b754d4b55d1feac7841c5 av_two_fifth  avia-builder-el-1  el_after_av_hr  el_before_av_three_fifth  first flex_column_div av-zero-column-padding  '     ><p>\n<style type=\"text\/css\" data-created_by=\"avia_inline_auto\" id=\"style-css-av-s082rl-e6bd22bd21461c00bae0afd7d59349c1\">\n.avia-image-container.av-s082rl-e6bd22bd21461c00bae0afd7d59349c1 img.avia_image{\nbox-shadow:none;\n}\n.avia-image-container.av-s082rl-e6bd22bd21461c00bae0afd7d59349c1 .av-image-caption-overlay-center{\ncolor:#ffffff;\n}\n<\/style>\n<div  class='avia-image-container av-s082rl-e6bd22bd21461c00bae0afd7d59349c1 av-styling- avia-align-center  avia-builder-el-2  el_before_av_image  avia-builder-el-first '   itemprop=\"image\" itemscope=\"itemscope\" itemtype=\"https:\/\/schema.org\/ImageObject\" ><div class=\"avia-image-container-inner\"><div class=\"avia-image-overlay-wrap\"><img decoding=\"async\" fetchpriority=\"high\" class='wp-image-29922 avia-img-lazy-loading-not-29922 avia_image ' src=\"https:\/\/www.learningbydoing.fr\/wp-content\/uploads\/2025\/12\/livre3-carre.png\" alt='' title='livre3-carre'  height=\"974\" width=\"974\"  itemprop=\"thumbnailUrl\" srcset=\"https:\/\/www.learningbydoing.fr\/wp-content\/uploads\/2025\/12\/livre3-carre.png 974w, https:\/\/www.learningbydoing.fr\/wp-content\/uploads\/2025\/12\/livre3-carre-300x300.png 300w, https:\/\/www.learningbydoing.fr\/wp-content\/uploads\/2025\/12\/livre3-carre-60x60.png 60w, https:\/\/www.learningbydoing.fr\/wp-content\/uploads\/2025\/12\/livre3-carre-768x768.png 768w, https:\/\/www.learningbydoing.fr\/wp-content\/uploads\/2025\/12\/livre3-carre-36x36.png 36w, https:\/\/www.learningbydoing.fr\/wp-content\/uploads\/2025\/12\/livre3-carre-180x180.png 180w, https:\/\/www.learningbydoing.fr\/wp-content\/uploads\/2025\/12\/livre3-carre-705x705.png 705w, https:\/\/www.learningbydoing.fr\/wp-content\/uploads\/2025\/12\/livre3-carre-120x120.png 120w, https:\/\/www.learningbydoing.fr\/wp-content\/uploads\/2025\/12\/livre3-carre-450x450.png 450w, https:\/\/www.learningbydoing.fr\/wp-content\/uploads\/2025\/12\/livre3-carre-400x400.png 400w, https:\/\/www.learningbydoing.fr\/wp-content\/uploads\/2025\/12\/livre3-carre-600x600.png 600w, https:\/\/www.learningbydoing.fr\/wp-content\/uploads\/2025\/12\/livre3-carre-100x100.png 100w\" sizes=\"(max-width: 974px) 100vw, 974px\" \/><\/div><\/div><\/div><br \/>\n<br \/>\n\n<style type=\"text\/css\" data-created_by=\"avia_inline_auto\" id=\"style-css-av-27sanl-e01d4a820863ecbdc7baf956c88175e6\">\n#top .hr.hr-invisible.av-27sanl-e01d4a820863ecbdc7baf956c88175e6{\nheight:20px;\n}\n<\/style>\n<div  class='hr av-27sanl-e01d4a820863ecbdc7baf956c88175e6 hr-invisible  avia-builder-el-4  el_after_av_image  avia-builder-el-last '><span class='hr-inner '><span class=\"hr-inner-style\"><\/span><\/span><\/div><\/p><\/div>\n<style type=\"text\/css\" data-created_by=\"avia_inline_auto\" id=\"style-css-av-9kskz2-034aa4d4bde763b941b5e507340b0b20\">\n.flex_column.av-9kskz2-034aa4d4bde763b941b5e507340b0b20{\nborder-radius:0px 0px 0px 0px;\npadding:0px 0px 0px 0px;\n}\n<\/style>\n<div  class='flex_column av-9kskz2-034aa4d4bde763b941b5e507340b0b20 av_three_fifth  avia-builder-el-5  el_after_av_two_fifth  avia-builder-el-last  flex_column_div av-zero-column-padding  '     ><p>\n<style type=\"text\/css\" data-created_by=\"avia_inline_auto\" id=\"style-css-av-1veh9t-150531b04da0fd96c84eefb25620e0e3\">\n#top .av-special-heading.av-1veh9t-150531b04da0fd96c84eefb25620e0e3{\npadding-bottom:0;\nfont-size:30px;\n}\nbody .av-special-heading.av-1veh9t-150531b04da0fd96c84eefb25620e0e3 .av-special-heading-tag .heading-char{\nfont-size:25px;\n}\n#top #wrap_all .av-special-heading.av-1veh9t-150531b04da0fd96c84eefb25620e0e3 .av-special-heading-tag{\nfont-size:30px;\n}\n.av-special-heading.av-1veh9t-150531b04da0fd96c84eefb25620e0e3 .av-subheading{\nfont-size:18px;\n}\n\n@media only screen and (min-width: 480px) and (max-width: 767px){ \n#top #wrap_all .av-special-heading.av-1veh9t-150531b04da0fd96c84eefb25620e0e3 .av-special-heading-tag{\nfont-size:0.8em;\n}\n}\n\n@media only screen and (max-width: 479px){ \n#top #wrap_all .av-special-heading.av-1veh9t-150531b04da0fd96c84eefb25620e0e3 .av-special-heading-tag{\nfont-size:0.8em;\n}\n}\n<\/style>\n<div  class='av-special-heading av-1veh9t-150531b04da0fd96c84eefb25620e0e3 av-special-heading-h3 blockquote modern-quote  avia-builder-el-6  el_before_av_hr  avia-builder-el-first  av-inherit-size av-linked-heading'><h3 class='av-special-heading-tag '  itemprop=\"headline\"  >Remplissez ce formulaire pour l\u2019obtenir<\/h3><div class=\"special-heading-border\"><div class=\"special-heading-inner-border\"><\/div><\/div><\/div><br \/>\n\n<style type=\"text\/css\" data-created_by=\"avia_inline_auto\" id=\"style-css-av-k2ize3l0-da7b64256b1c2b8ab0ca2d91466901fd\">\n#top .hr.hr-invisible.av-k2ize3l0-da7b64256b1c2b8ab0ca2d91466901fd{\nheight:20px;\n}\n<\/style>\n<div  class='hr av-k2ize3l0-da7b64256b1c2b8ab0ca2d91466901fd hr-invisible  avia-builder-el-7  el_after_av_heading  el_before_av_codeblock '><span class='hr-inner '><span class=\"hr-inner-style\"><\/span><\/span><\/div><br \/>\n<br \/>\n\n<style type=\"text\/css\" data-created_by=\"avia_inline_auto\" id=\"style-css-av-k2ize3l0-1-320346a38dca49e27a09064d1625fd39\">\n#top .hr.hr-invisible.av-k2ize3l0-1-320346a38dca49e27a09064d1625fd39{\nheight:20px;\n}\n<\/style>\n<div  class='hr av-k2ize3l0-1-320346a38dca49e27a09064d1625fd39 hr-invisible  avia-builder-el-9  el_after_av_codeblock  el_before_av_textblock '><span class='hr-inner '><span class=\"hr-inner-style\"><\/span><\/span><\/div><br \/>\n<section  class='av_textblock_section av-k1dcetqc-f5ad4985f615429a79af8593527b06d6 '   itemscope=\"itemscope\" itemtype=\"https:\/\/schema.org\/CreativeWork\" ><div class='avia_textblock'  itemprop=\"text\" ><h3>Traitement des donn\u00e9es personnelles :<\/h3>\n<p>Le fait de remplir le pr\u00e9sent formulaire constitue un accord \u00e0 l&#8217;utilisation de vos donn\u00e9es de la part de Learning By Doing pour vous tenir inform\u00e9s sur des actualit\u00e9s relatives \u00e0 la formation, ainsi que sur des nouveaux programmes.<br \/>\nNous nous engageons a\u0300 ne pas vendre, louer, ce\u0301der ni donner acce\u0300s a\u0300 des tiers a\u0300 vos donne\u0301es.<br \/>\nConforme\u0301ment a\u0300 la loi \u00ab informatique et liberte\u0301s \u00bb du 6 janvier 1978 modifie\u0301e et au Re\u0300glement europe\u0301en n\u00b02016\/679\/UE du 27 avril 2016 (applicable de\u0300s le 25 mai 2018), vous be\u0301ne\u0301ficiez d\u2019un droit d\u2019acce\u0300s, de rectification, de portabilite\u0301 et d\u2019effacement de vos donne\u0301es ou encore de limitation du traitement. Vous pouvez e\u0301galement vous opposer au traitement des donne\u0301es vous concernant.<\/p>\n<\/div><\/section><\/p><\/div><\/p>\n","protected":false},"excerpt":{"rendered":"","protected":false},"author":2,"featured_media":0,"parent":0,"menu_order":0,"comment_status":"closed","ping_status":"closed","template":"","meta":{"_acf_changed":false,"footnotes":""},"class_list":["post-30119","page","type-page","status-publish","hentry"],"acf":[],"yoast_head":"<!-- This site is optimized with the Yoast SEO plugin v27.4 - https:\/\/yoast.com\/product\/yoast-seo-wordpress\/ -->\n<title>Demande du Livre blanc P\u00e9dagogie Active - Learning by Doing<\/title>\n<meta name=\"description\" content=\"Vous avez probablement d\u00e9j\u00e0 anim\u00e9 des jeux en salle et vous vous dites que la m\u00eame p\u00e9dagogie doit pouvoir se pratiquer aussi \u00e0 distance...\" \/>\n<meta name=\"robots\" content=\"index, follow, max-snippet:-1, max-image-preview:large, max-video-preview:-1\" \/>\n<link rel=\"canonical\" href=\"https:\/\/www.learningbydoing.fr\/it\/demande-du-livre-blanc-pedagogie-active\/\" \/>\n<meta property=\"og:locale\" content=\"it_IT\" \/>\n<meta property=\"og:type\" content=\"article\" \/>\n<meta property=\"og:title\" content=\"Demande du Livre blanc P\u00e9dagogie Active - Learning by Doing\" \/>\n<meta property=\"og:description\" content=\"Vous avez probablement d\u00e9j\u00e0 anim\u00e9 des jeux en salle et vous vous dites que la m\u00eame p\u00e9dagogie doit pouvoir se pratiquer aussi \u00e0 distance...\" \/>\n<meta property=\"og:url\" content=\"https:\/\/www.learningbydoing.fr\/it\/demande-du-livre-blanc-pedagogie-active\/\" \/>\n<meta property=\"og:site_name\" content=\"Learning by Doing\" \/>\n<meta property=\"article:modified_time\" content=\"2025-12-11T11:20:29+00:00\" \/>\n<meta name=\"twitter:card\" content=\"summary_large_image\" \/>\n<script type=\"application\/ld+json\" class=\"yoast-schema-graph\">{\"@context\":\"https:\\\/\\\/schema.org\",\"@graph\":[{\"@type\":\"WebPage\",\"@id\":\"https:\\\/\\\/www.learningbydoing.fr\\\/it\\\/demande-du-livre-blanc-pedagogie-active\\\/\",\"url\":\"https:\\\/\\\/www.learningbydoing.fr\\\/it\\\/demande-du-livre-blanc-pedagogie-active\\\/\",\"name\":\"Demande du Livre blanc P\u00e9dagogie Active - Learning by Doing\",\"isPartOf\":{\"@id\":\"https:\\\/\\\/www.learningbydoing.fr\\\/it\\\/#website\"},\"datePublished\":\"2025-11-28T11:49:08+00:00\",\"dateModified\":\"2025-12-11T11:20:29+00:00\",\"description\":\"Vous avez probablement d\u00e9j\u00e0 anim\u00e9 des jeux en salle et vous vous dites que la m\u00eame p\u00e9dagogie doit pouvoir se pratiquer aussi \u00e0 distance...\",\"breadcrumb\":{\"@id\":\"https:\\\/\\\/www.learningbydoing.fr\\\/it\\\/demande-du-livre-blanc-pedagogie-active\\\/#breadcrumb\"},\"inLanguage\":\"it-IT\",\"potentialAction\":[{\"@type\":\"ReadAction\",\"target\":[\"https:\\\/\\\/www.learningbydoing.fr\\\/it\\\/demande-du-livre-blanc-pedagogie-active\\\/\"]}]},{\"@type\":\"BreadcrumbList\",\"@id\":\"https:\\\/\\\/www.learningbydoing.fr\\\/it\\\/demande-du-livre-blanc-pedagogie-active\\\/#breadcrumb\",\"itemListElement\":[{\"@type\":\"ListItem\",\"position\":1,\"name\":\"Accueil\",\"item\":\"https:\\\/\\\/www.learningbydoing.fr\\\/it\\\/formation-de-formateur-et-ludopedagogie\\\/\"},{\"@type\":\"ListItem\",\"position\":2,\"name\":\"Demande du Livre blanc P\u00e9dagogie Active\"}]},{\"@type\":\"WebSite\",\"@id\":\"https:\\\/\\\/www.learningbydoing.fr\\\/it\\\/#website\",\"url\":\"https:\\\/\\\/www.learningbydoing.fr\\\/it\\\/\",\"name\":\"Learning by Doing\",\"description\":\"Jeux de formation et formation de formateur\",\"publisher\":{\"@id\":\"https:\\\/\\\/www.learningbydoing.fr\\\/it\\\/#organization\"},\"potentialAction\":[{\"@type\":\"SearchAction\",\"target\":{\"@type\":\"EntryPoint\",\"urlTemplate\":\"https:\\\/\\\/www.learningbydoing.fr\\\/it\\\/?s={search_term_string}\"},\"query-input\":{\"@type\":\"PropertyValueSpecification\",\"valueRequired\":true,\"valueName\":\"search_term_string\"}}],\"inLanguage\":\"it-IT\"},{\"@type\":\"Organization\",\"@id\":\"https:\\\/\\\/www.learningbydoing.fr\\\/it\\\/#organization\",\"name\":\"Learning by Doing\",\"url\":\"https:\\\/\\\/www.learningbydoing.fr\\\/it\\\/\",\"logo\":{\"@type\":\"ImageObject\",\"inLanguage\":\"it-IT\",\"@id\":\"https:\\\/\\\/www.learningbydoing.fr\\\/it\\\/#\\\/schema\\\/logo\\\/image\\\/\",\"url\":\"https:\\\/\\\/www.learningbydoing.fr\\\/wp-content\\\/uploads\\\/2015\\\/10\\\/logo5_LBD_5.jpg\",\"contentUrl\":\"https:\\\/\\\/www.learningbydoing.fr\\\/wp-content\\\/uploads\\\/2015\\\/10\\\/logo5_LBD_5.jpg\",\"width\":650,\"height\":650,\"caption\":\"Learning by Doing\"},\"image\":{\"@id\":\"https:\\\/\\\/www.learningbydoing.fr\\\/it\\\/#\\\/schema\\\/logo\\\/image\\\/\"}}]}<\/script>\n<!-- \/ Yoast SEO plugin. -->","yoast_head_json":{"title":"Demande du Livre blanc P\u00e9dagogie Active - Learning by Doing","description":"Vous avez probablement d\u00e9j\u00e0 anim\u00e9 des jeux en salle et vous vous dites que la m\u00eame p\u00e9dagogie doit pouvoir se pratiquer aussi \u00e0 distance...","robots":{"index":"index","follow":"follow","max-snippet":"max-snippet:-1","max-image-preview":"max-image-preview:large","max-video-preview":"max-video-preview:-1"},"canonical":"https:\/\/www.learningbydoing.fr\/it\/demande-du-livre-blanc-pedagogie-active\/","og_locale":"it_IT","og_type":"article","og_title":"Demande du Livre blanc P\u00e9dagogie Active - Learning by Doing","og_description":"Vous avez probablement d\u00e9j\u00e0 anim\u00e9 des jeux en salle et vous vous dites que la m\u00eame p\u00e9dagogie doit pouvoir se pratiquer aussi \u00e0 distance...","og_url":"https:\/\/www.learningbydoing.fr\/it\/demande-du-livre-blanc-pedagogie-active\/","og_site_name":"Learning by Doing","article_modified_time":"2025-12-11T11:20:29+00:00","twitter_card":"summary_large_image","schema":{"@context":"https:\/\/schema.org","@graph":[{"@type":"WebPage","@id":"https:\/\/www.learningbydoing.fr\/it\/demande-du-livre-blanc-pedagogie-active\/","url":"https:\/\/www.learningbydoing.fr\/it\/demande-du-livre-blanc-pedagogie-active\/","name":"Demande du Livre blanc P\u00e9dagogie Active - Learning by Doing","isPartOf":{"@id":"https:\/\/www.learningbydoing.fr\/it\/#website"},"datePublished":"2025-11-28T11:49:08+00:00","dateModified":"2025-12-11T11:20:29+00:00","description":"Vous avez probablement d\u00e9j\u00e0 anim\u00e9 des jeux en salle et vous vous dites que la m\u00eame p\u00e9dagogie doit pouvoir se pratiquer aussi \u00e0 distance...","breadcrumb":{"@id":"https:\/\/www.learningbydoing.fr\/it\/demande-du-livre-blanc-pedagogie-active\/#breadcrumb"},"inLanguage":"it-IT","potentialAction":[{"@type":"ReadAction","target":["https:\/\/www.learningbydoing.fr\/it\/demande-du-livre-blanc-pedagogie-active\/"]}]},{"@type":"BreadcrumbList","@id":"https:\/\/www.learningbydoing.fr\/it\/demande-du-livre-blanc-pedagogie-active\/#breadcrumb","itemListElement":[{"@type":"ListItem","position":1,"name":"Accueil","item":"https:\/\/www.learningbydoing.fr\/it\/formation-de-formateur-et-ludopedagogie\/"},{"@type":"ListItem","position":2,"name":"Demande du Livre blanc P\u00e9dagogie Active"}]},{"@type":"WebSite","@id":"https:\/\/www.learningbydoing.fr\/it\/#website","url":"https:\/\/www.learningbydoing.fr\/it\/","name":"Learning by Doing","description":"Jeux de formation et formation de formateur","publisher":{"@id":"https:\/\/www.learningbydoing.fr\/it\/#organization"},"potentialAction":[{"@type":"SearchAction","target":{"@type":"EntryPoint","urlTemplate":"https:\/\/www.learningbydoing.fr\/it\/?s={search_term_string}"},"query-input":{"@type":"PropertyValueSpecification","valueRequired":true,"valueName":"search_term_string"}}],"inLanguage":"it-IT"},{"@type":"Organization","@id":"https:\/\/www.learningbydoing.fr\/it\/#organization","name":"Learning by Doing","url":"https:\/\/www.learningbydoing.fr\/it\/","logo":{"@type":"ImageObject","inLanguage":"it-IT","@id":"https:\/\/www.learningbydoing.fr\/it\/#\/schema\/logo\/image\/","url":"https:\/\/www.learningbydoing.fr\/wp-content\/uploads\/2015\/10\/logo5_LBD_5.jpg","contentUrl":"https:\/\/www.learningbydoing.fr\/wp-content\/uploads\/2015\/10\/logo5_LBD_5.jpg","width":650,"height":650,"caption":"Learning by Doing"},"image":{"@id":"https:\/\/www.learningbydoing.fr\/it\/#\/schema\/logo\/image\/"}}]}},"_links":{"self":[{"href":"https:\/\/www.learningbydoing.fr\/it\/wp-json\/wp\/v2\/pages\/30119","targetHints":{"allow":["GET"]}}],"collection":[{"href":"https:\/\/www.learningbydoing.fr\/it\/wp-json\/wp\/v2\/pages"}],"about":[{"href":"https:\/\/www.learningbydoing.fr\/it\/wp-json\/wp\/v2\/types\/page"}],"author":[{"embeddable":true,"href":"https:\/\/www.learningbydoing.fr\/it\/wp-json\/wp\/v2\/users\/2"}],"replies":[{"embeddable":true,"href":"https:\/\/www.learningbydoing.fr\/it\/wp-json\/wp\/v2\/comments?post=30119"}],"version-history":[{"count":0,"href":"https:\/\/www.learningbydoing.fr\/it\/wp-json\/wp\/v2\/pages\/30119\/revisions"}],"wp:attachment":[{"href":"https:\/\/www.learningbydoing.fr\/it\/wp-json\/wp\/v2\/media?parent=30119"}],"curies":[{"name":"wp","href":"https:\/\/api.w.org\/{rel}","templated":true}]}}