{"id":30137,"date":"2025-11-16T13:41:26","date_gmt":"2025-11-16T12:41:26","guid":{"rendered":"https:\/\/www.learningbydoing.fr\/demande-devis-la-ludopedagogie-pour-vos-visio-formations\/"},"modified":"2025-11-16T13:41:26","modified_gmt":"2025-11-16T12:41:26","slug":"demande-devis-la-ludopedagogie-pour-vos-visio-formations","status":"publish","type":"page","link":"https:\/\/www.learningbydoing.fr\/it\/demande-devis-la-ludopedagogie-pour-vos-visio-formations\/","title":{"rendered":"Demande Devis LA LUDOP\u00c9DAGOGIE POUR VOS VISIO-FORMATIONS"},"content":{"rendered":"\n<style type=\"text\/css\" data-created_by=\"avia_inline_auto\" id=\"style-css-av-rtpop1-9e5f2204b23df0597ac6374525c16c83\">\n#top .hr.av-rtpop1-9e5f2204b23df0597ac6374525c16c83{\nmargin-top:0px;\nmargin-bottom:0px;\n}\n.hr.av-rtpop1-9e5f2204b23df0597ac6374525c16c83 .hr-inner{\nwidth:100%;\n}\n<\/style>\n<div  class='hr av-rtpop1-9e5f2204b23df0597ac6374525c16c83 hr-custom  avia-builder-el-0  el_before_av_two_fifth  avia-builder-el-first  hr-center hr-icon-no'><span class='hr-inner inner-border-av-border-thin'><span class=\"hr-inner-style\"><\/span><\/span><\/div>\n\n<style type=\"text\/css\" data-created_by=\"avia_inline_auto\" id=\"style-css-av-q2oyb9-d0333f1d8db7495ed4e37c608dc6382e\">\n.flex_column.av-q2oyb9-d0333f1d8db7495ed4e37c608dc6382e{\nborder-radius:0px 0px 0px 0px;\npadding:0px 0px 0px 0px;\n}\n<\/style>\n<div  class='flex_column av-q2oyb9-d0333f1d8db7495ed4e37c608dc6382e av_two_fifth  avia-builder-el-1  el_after_av_hr  el_before_av_three_fifth  first flex_column_div av-zero-column-padding  '     ><p>\n<style type=\"text\/css\" data-created_by=\"avia_inline_auto\" id=\"style-css-av-jwi12nwz-310f32ea3389b4d042013ffa0bb03ce0\">\n#top .av-special-heading.av-jwi12nwz-310f32ea3389b4d042013ffa0bb03ce0{\npadding-bottom:0;\nfont-size:35px;\n}\nbody .av-special-heading.av-jwi12nwz-310f32ea3389b4d042013ffa0bb03ce0 .av-special-heading-tag .heading-char{\nfont-size:25px;\n}\n#top #wrap_all .av-special-heading.av-jwi12nwz-310f32ea3389b4d042013ffa0bb03ce0 .av-special-heading-tag{\nfont-size:35px;\n}\n.av-special-heading.av-jwi12nwz-310f32ea3389b4d042013ffa0bb03ce0 .av-subheading{\nfont-size:16px;\n}\n\n@media only screen and (min-width: 480px) and (max-width: 767px){ \n#top #wrap_all .av-special-heading.av-jwi12nwz-310f32ea3389b4d042013ffa0bb03ce0 .av-special-heading-tag{\nfont-size:0.8em;\n}\n}\n\n@media only screen and (max-width: 479px){ \n#top #wrap_all .av-special-heading.av-jwi12nwz-310f32ea3389b4d042013ffa0bb03ce0 .av-special-heading-tag{\nfont-size:0.8em;\n}\n}\n<\/style>\n<div  class='av-special-heading av-jwi12nwz-310f32ea3389b4d042013ffa0bb03ce0 av-special-heading-h3 blockquote modern-quote  avia-builder-el-2  el_before_av_hr  avia-builder-el-first  av-inherit-size av-linked-heading'><h3 class='av-special-heading-tag '  itemprop=\"headline\"  > LA LUDOP\u00c9DAGOGIE POUR VOS VISIO-FORMATIONS<\/h3><div class='av-subheading av-subheading_below'><p>Formation \u00e0 distance<\/p>\n<\/div><div class=\"special-heading-border\"><div class=\"special-heading-inner-border\"><\/div><\/div><\/div><br \/>\n<div  class='hr av-mdm8z9-fb180b10897c9db7ced96d30afb9e320 hr-default  avia-builder-el-3  el_after_av_heading  el_before_av_textblock '><span class='hr-inner '><span class=\"hr-inner-style\"><\/span><\/span><\/div><br \/>\n\n<style type=\"text\/css\" data-created_by=\"avia_inline_auto\" id=\"style-css-av-mdeutx-5419b2224ca90393e816c4feec2fd9b9\">\n#top .av_textblock_section.av-mdeutx-5419b2224ca90393e816c4feec2fd9b9 .avia_textblock{\nfont-size:15px;\n}\n<\/style>\n<section  class='av_textblock_section av-mdeutx-5419b2224ca90393e816c4feec2fd9b9 '   itemscope=\"itemscope\" itemtype=\"https:\/\/schema.org\/CreativeWork\" ><div class='avia_textblock'  itemprop=\"text\" ><p><strong>LEARNING by DOING<\/strong><\/p>\n<ul>\n<li>Ing\u00e9nierie P\u00e9dagogique<\/li>\n<li>Formation de formateur<\/li>\n<li>Cr\u00e9ation de jeux d&#8217;entreprise<\/li>\n<\/ul>\n<\/div><\/section><\/p><\/div>\n<style type=\"text\/css\" data-created_by=\"avia_inline_auto\" id=\"style-css-av-23nunp-c7c0e230e0eecba037789fcf5b729c48\">\n.flex_column.av-23nunp-c7c0e230e0eecba037789fcf5b729c48{\nborder-radius:0px 0px 0px 0px;\npadding:0px 0px 0px 0px;\n}\n<\/style>\n<div  class='flex_column av-23nunp-c7c0e230e0eecba037789fcf5b729c48 av_three_fifth  avia-builder-el-5  el_after_av_two_fifth  avia-builder-el-last  flex_column_div av-zero-column-padding  '     ><p><br \/>\n<section  class='av_textblock_section av-jwhxucds-aa4d244e6d4b8e239706a22179d54821 '   itemscope=\"itemscope\" itemtype=\"https:\/\/schema.org\/CreativeWork\" ><div class='avia_textblock'  itemprop=\"text\" ><h3>Traitement des donn\u00e9es personnelles :<\/h3>\n<p>Le fait de remplir le pr\u00e9sent formulaire constitue un accord \u00e0 l&#8217;utilisation de vos donn\u00e9es de la part de Learning By Doing pour vous tenir inform\u00e9s sur des actualit\u00e9s relatives \u00e0 la formation, ainsi que sur des nouveaux programmes.<br \/>\nNous nous engageons a\u0300 ne pas vendre, louer, ce\u0301der ni donner acce\u0300s a\u0300 des tiers a\u0300 vos donne\u0301es.<br \/>\nConforme\u0301ment a\u0300 la loi \u00ab informatique et liberte\u0301s \u00bb du 6 janvier 1978 modifie\u0301e et au Re\u0300glement europe\u0301en n\u00b02016\/679\/UE du 27 avril 2016 (applicable de\u0300s le 25 mai 2018), vous be\u0301ne\u0301ficiez d\u2019un droit d\u2019acce\u0300s, de rectification, de portabilite\u0301 et d\u2019effacement de vos donne\u0301es ou encore de limitation du traitement. Vous pouvez e\u0301galement vous opposer au traitement des donne\u0301es vous concernant.<\/p>\n<\/div><\/section><\/p><\/div><\/p>\n","protected":false},"excerpt":{"rendered":"","protected":false},"author":2,"featured_media":0,"parent":0,"menu_order":0,"comment_status":"closed","ping_status":"closed","template":"","meta":{"_acf_changed":false,"footnotes":""},"class_list":["post-30137","page","type-page","status-publish","hentry"],"acf":[],"yoast_head":"<!-- This site is optimized with the Yoast SEO plugin v27.4 - https:\/\/yoast.com\/product\/yoast-seo-wordpress\/ -->\n<title>Demande Devis LA LUDOP\u00c9DAGOGIE POUR VOS VISIO-FORMATIONS - Learning by Doing<\/title>\n<meta name=\"robots\" content=\"index, follow, max-snippet:-1, max-image-preview:large, max-video-preview:-1\" \/>\n<link rel=\"canonical\" href=\"https:\/\/www.learningbydoing.fr\/it\/demande-devis-la-ludopedagogie-pour-vos-visio-formations\/\" \/>\n<meta property=\"og:locale\" content=\"it_IT\" \/>\n<meta property=\"og:type\" content=\"article\" \/>\n<meta property=\"og:title\" content=\"Demande Devis LA LUDOP\u00c9DAGOGIE POUR VOS VISIO-FORMATIONS - Learning by Doing\" \/>\n<meta property=\"og:url\" content=\"https:\/\/www.learningbydoing.fr\/it\/demande-devis-la-ludopedagogie-pour-vos-visio-formations\/\" \/>\n<meta property=\"og:site_name\" content=\"Learning by Doing\" \/>\n<meta name=\"twitter:card\" content=\"summary_large_image\" \/>\n<meta name=\"twitter:label1\" content=\"Tempo di lettura stimato\" \/>\n\t<meta name=\"twitter:data1\" content=\"1 minuto\" \/>\n<script type=\"application\/ld+json\" class=\"yoast-schema-graph\">{\"@context\":\"https:\\\/\\\/schema.org\",\"@graph\":[{\"@type\":\"WebPage\",\"@id\":\"https:\\\/\\\/www.learningbydoing.fr\\\/it\\\/demande-devis-la-ludopedagogie-pour-vos-visio-formations\\\/\",\"url\":\"https:\\\/\\\/www.learningbydoing.fr\\\/it\\\/demande-devis-la-ludopedagogie-pour-vos-visio-formations\\\/\",\"name\":\"Demande Devis LA LUDOP\u00c9DAGOGIE POUR VOS VISIO-FORMATIONS - Learning by Doing\",\"isPartOf\":{\"@id\":\"https:\\\/\\\/www.learningbydoing.fr\\\/it\\\/#website\"},\"datePublished\":\"2025-11-16T12:41:26+00:00\",\"breadcrumb\":{\"@id\":\"https:\\\/\\\/www.learningbydoing.fr\\\/it\\\/demande-devis-la-ludopedagogie-pour-vos-visio-formations\\\/#breadcrumb\"},\"inLanguage\":\"it-IT\",\"potentialAction\":[{\"@type\":\"ReadAction\",\"target\":[\"https:\\\/\\\/www.learningbydoing.fr\\\/it\\\/demande-devis-la-ludopedagogie-pour-vos-visio-formations\\\/\"]}]},{\"@type\":\"BreadcrumbList\",\"@id\":\"https:\\\/\\\/www.learningbydoing.fr\\\/it\\\/demande-devis-la-ludopedagogie-pour-vos-visio-formations\\\/#breadcrumb\",\"itemListElement\":[{\"@type\":\"ListItem\",\"position\":1,\"name\":\"Accueil\",\"item\":\"https:\\\/\\\/www.learningbydoing.fr\\\/it\\\/formation-de-formateur-et-ludopedagogie\\\/\"},{\"@type\":\"ListItem\",\"position\":2,\"name\":\"Demande Devis LA LUDOP\u00c9DAGOGIE POUR VOS VISIO-FORMATIONS\"}]},{\"@type\":\"WebSite\",\"@id\":\"https:\\\/\\\/www.learningbydoing.fr\\\/it\\\/#website\",\"url\":\"https:\\\/\\\/www.learningbydoing.fr\\\/it\\\/\",\"name\":\"Learning by Doing\",\"description\":\"Jeux de formation et formation de formateur\",\"publisher\":{\"@id\":\"https:\\\/\\\/www.learningbydoing.fr\\\/it\\\/#organization\"},\"potentialAction\":[{\"@type\":\"SearchAction\",\"target\":{\"@type\":\"EntryPoint\",\"urlTemplate\":\"https:\\\/\\\/www.learningbydoing.fr\\\/it\\\/?s={search_term_string}\"},\"query-input\":{\"@type\":\"PropertyValueSpecification\",\"valueRequired\":true,\"valueName\":\"search_term_string\"}}],\"inLanguage\":\"it-IT\"},{\"@type\":\"Organization\",\"@id\":\"https:\\\/\\\/www.learningbydoing.fr\\\/it\\\/#organization\",\"name\":\"Learning by Doing\",\"url\":\"https:\\\/\\\/www.learningbydoing.fr\\\/it\\\/\",\"logo\":{\"@type\":\"ImageObject\",\"inLanguage\":\"it-IT\",\"@id\":\"https:\\\/\\\/www.learningbydoing.fr\\\/it\\\/#\\\/schema\\\/logo\\\/image\\\/\",\"url\":\"https:\\\/\\\/www.learningbydoing.fr\\\/wp-content\\\/uploads\\\/2015\\\/10\\\/logo5_LBD_5.jpg\",\"contentUrl\":\"https:\\\/\\\/www.learningbydoing.fr\\\/wp-content\\\/uploads\\\/2015\\\/10\\\/logo5_LBD_5.jpg\",\"width\":650,\"height\":650,\"caption\":\"Learning by Doing\"},\"image\":{\"@id\":\"https:\\\/\\\/www.learningbydoing.fr\\\/it\\\/#\\\/schema\\\/logo\\\/image\\\/\"}}]}<\/script>\n<!-- \/ Yoast SEO plugin. -->","yoast_head_json":{"title":"Demande Devis LA LUDOP\u00c9DAGOGIE POUR VOS VISIO-FORMATIONS - Learning by Doing","robots":{"index":"index","follow":"follow","max-snippet":"max-snippet:-1","max-image-preview":"max-image-preview:large","max-video-preview":"max-video-preview:-1"},"canonical":"https:\/\/www.learningbydoing.fr\/it\/demande-devis-la-ludopedagogie-pour-vos-visio-formations\/","og_locale":"it_IT","og_type":"article","og_title":"Demande Devis LA LUDOP\u00c9DAGOGIE POUR VOS VISIO-FORMATIONS - Learning by Doing","og_url":"https:\/\/www.learningbydoing.fr\/it\/demande-devis-la-ludopedagogie-pour-vos-visio-formations\/","og_site_name":"Learning by Doing","twitter_card":"summary_large_image","twitter_misc":{"Tempo di lettura stimato":"1 minuto"},"schema":{"@context":"https:\/\/schema.org","@graph":[{"@type":"WebPage","@id":"https:\/\/www.learningbydoing.fr\/it\/demande-devis-la-ludopedagogie-pour-vos-visio-formations\/","url":"https:\/\/www.learningbydoing.fr\/it\/demande-devis-la-ludopedagogie-pour-vos-visio-formations\/","name":"Demande Devis LA LUDOP\u00c9DAGOGIE POUR VOS VISIO-FORMATIONS - Learning by Doing","isPartOf":{"@id":"https:\/\/www.learningbydoing.fr\/it\/#website"},"datePublished":"2025-11-16T12:41:26+00:00","breadcrumb":{"@id":"https:\/\/www.learningbydoing.fr\/it\/demande-devis-la-ludopedagogie-pour-vos-visio-formations\/#breadcrumb"},"inLanguage":"it-IT","potentialAction":[{"@type":"ReadAction","target":["https:\/\/www.learningbydoing.fr\/it\/demande-devis-la-ludopedagogie-pour-vos-visio-formations\/"]}]},{"@type":"BreadcrumbList","@id":"https:\/\/www.learningbydoing.fr\/it\/demande-devis-la-ludopedagogie-pour-vos-visio-formations\/#breadcrumb","itemListElement":[{"@type":"ListItem","position":1,"name":"Accueil","item":"https:\/\/www.learningbydoing.fr\/it\/formation-de-formateur-et-ludopedagogie\/"},{"@type":"ListItem","position":2,"name":"Demande Devis LA LUDOP\u00c9DAGOGIE POUR VOS VISIO-FORMATIONS"}]},{"@type":"WebSite","@id":"https:\/\/www.learningbydoing.fr\/it\/#website","url":"https:\/\/www.learningbydoing.fr\/it\/","name":"Learning by Doing","description":"Jeux de formation et formation de formateur","publisher":{"@id":"https:\/\/www.learningbydoing.fr\/it\/#organization"},"potentialAction":[{"@type":"SearchAction","target":{"@type":"EntryPoint","urlTemplate":"https:\/\/www.learningbydoing.fr\/it\/?s={search_term_string}"},"query-input":{"@type":"PropertyValueSpecification","valueRequired":true,"valueName":"search_term_string"}}],"inLanguage":"it-IT"},{"@type":"Organization","@id":"https:\/\/www.learningbydoing.fr\/it\/#organization","name":"Learning by Doing","url":"https:\/\/www.learningbydoing.fr\/it\/","logo":{"@type":"ImageObject","inLanguage":"it-IT","@id":"https:\/\/www.learningbydoing.fr\/it\/#\/schema\/logo\/image\/","url":"https:\/\/www.learningbydoing.fr\/wp-content\/uploads\/2015\/10\/logo5_LBD_5.jpg","contentUrl":"https:\/\/www.learningbydoing.fr\/wp-content\/uploads\/2015\/10\/logo5_LBD_5.jpg","width":650,"height":650,"caption":"Learning by Doing"},"image":{"@id":"https:\/\/www.learningbydoing.fr\/it\/#\/schema\/logo\/image\/"}}]}},"_links":{"self":[{"href":"https:\/\/www.learningbydoing.fr\/it\/wp-json\/wp\/v2\/pages\/30137","targetHints":{"allow":["GET"]}}],"collection":[{"href":"https:\/\/www.learningbydoing.fr\/it\/wp-json\/wp\/v2\/pages"}],"about":[{"href":"https:\/\/www.learningbydoing.fr\/it\/wp-json\/wp\/v2\/types\/page"}],"author":[{"embeddable":true,"href":"https:\/\/www.learningbydoing.fr\/it\/wp-json\/wp\/v2\/users\/2"}],"replies":[{"embeddable":true,"href":"https:\/\/www.learningbydoing.fr\/it\/wp-json\/wp\/v2\/comments?post=30137"}],"version-history":[{"count":0,"href":"https:\/\/www.learningbydoing.fr\/it\/wp-json\/wp\/v2\/pages\/30137\/revisions"}],"wp:attachment":[{"href":"https:\/\/www.learningbydoing.fr\/it\/wp-json\/wp\/v2\/media?parent=30137"}],"curies":[{"name":"wp","href":"https:\/\/api.w.org\/{rel}","templated":true}]}}